{"id":1714,"date":"2021-09-29T13:37:37","date_gmt":"2021-09-29T10:37:37","guid":{"rendered":"https:\/\/vejstikli.lv\/bank-details\/"},"modified":"2021-10-28T09:24:23","modified_gmt":"2021-10-28T06:24:23","slug":"bank-details","status":"publish","type":"page","link":"https:\/\/vejstikli.lv\/en\/bank-details\/","title":{"rendered":"Bank details"},"content":{"rendered":"\n<div class=\"wp-block-group\"><div class=\"wp-block-group__inner-container is-layout-flow wp-block-group-is-layout-flow\">\n<h2 class=\"wp-block-heading\">Bank details<\/h2>\n\n\n\n<div class=\"wp-block-group in-row\"><div class=\"wp-block-group__inner-container is-layout-flow wp-block-group-is-layout-flow\">\n<div class=\"wp-block-group\"><div class=\"wp-block-group__inner-container is-layout-flow wp-block-group-is-layout-flow\">\n<p class=\"gray-small\">Basic data<\/p>\n\n\n\n<p class=\"doc\">SIA \u201eV\u0112JSTIKLI\u201c<br\/>VAT Reg. Nr. : LV40003819562<br\/>Legal address: \u0160mer\u013ca street 3, R\u012bga, LV-1006<\/p>\n<\/div><\/div>\n\n\n\n<div class=\"wp-block-group\"><div class=\"wp-block-group__inner-container is-layout-flow wp-block-group-is-layout-flow\">\n<p class=\"gray-small\">Banks<\/p>\n\n\n\n<p class=\"bank\">Citadele,<br\/>SWIFT code: PARXLV22<br\/>EUR Account number: LV17PARX0009606740007<\/p>\n\n\n\n<p class=\"bank\">Luminor DNB,<br\/>SWIFT code: RIKOLV2X<br\/>EUR Account number: LV06RIKO0002013120440<\/p>\n<\/div><\/div>\n<\/div><\/div>\n<\/div><\/div>\n","protected":false},"excerpt":{"rendered":"<p>Bank details Basic data SIA \u201eV\u0112JSTIKLI\u201cVAT Reg. Nr. : LV40003819562Legal address: \u0160mer\u013ca street 3, R\u012bga, LV-1006 Banks Citadele,SWIFT code: PARXLV22EUR Account number: LV17PARX0009606740007 Luminor DNB,SWIFT code: RIKOLV2XEUR Account number: LV06RIKO0002013120440<\/p>\n","protected":false},"author":15,"featured_media":0,"parent":0,"menu_order":0,"comment_status":"closed","ping_status":"closed","template":"","meta":{"footnotes":""},"class_list":["post-1714","page","type-page","status-publish","hentry"],"yoast_head":"<!-- This site is optimized with the Yoast SEO Premium plugin v16.3 (Yoast SEO v16.3) - https:\/\/yoast.com\/wordpress\/plugins\/seo\/ -->\n<title>Company details - V\u0113jstikli<\/title>\n<meta name=\"description\" content=\"Company V\u0113jstikli details. Car glass replacement and repair since 2006. Online reservation services.\" \/>\n<meta name=\"robots\" content=\"index, follow, max-snippet:-1, max-image-preview:large, max-video-preview:-1\" \/>\n<link rel=\"canonical\" href=\"https:\/\/vejstikli.lv\/en\/bank-details\/\" \/>\n<meta property=\"og:locale\" content=\"en_US\" \/>\n<meta property=\"og:type\" content=\"article\" \/>\n<meta property=\"og:title\" content=\"Company details - V\u0113jstikli\" \/>\n<meta property=\"og:description\" content=\"Company V\u0113jstikli details. Car glass replacement and repair since 2006. Online reservation services.\" \/>\n<meta property=\"og:url\" content=\"https:\/\/vejstikli.lv\/en\/bank-details\/\" \/>\n<meta property=\"og:site_name\" content=\"V\u0113jstikli\" \/>\n<meta property=\"article:modified_time\" content=\"2021-10-28T06:24:23+00:00\" \/>\n<meta name=\"twitter:card\" content=\"summary_large_image\" \/>\n<script type=\"application\/ld+json\" class=\"yoast-schema-graph\">{\"@context\":\"https:\/\/schema.org\",\"@graph\":[{\"@type\":\"WebSite\",\"@id\":\"https:\/\/vejstikli.lv\/#website\",\"url\":\"https:\/\/vejstikli.lv\/\",\"name\":\"V\\u0113jstikli\",\"description\":\"V\\u0113jstiklu remonts\",\"potentialAction\":[{\"@type\":\"SearchAction\",\"target\":\"https:\/\/vejstikli.lv\/?s={search_term_string}\",\"query-input\":\"required name=search_term_string\"}],\"inLanguage\":\"en-US\"},{\"@type\":\"WebPage\",\"@id\":\"https:\/\/vejstikli.lv\/en\/bank-details\/#webpage\",\"url\":\"https:\/\/vejstikli.lv\/en\/bank-details\/\",\"name\":\"Company details - V\\u0113jstikli\",\"isPartOf\":{\"@id\":\"https:\/\/vejstikli.lv\/#website\"},\"datePublished\":\"2021-09-29T10:37:37+00:00\",\"dateModified\":\"2021-10-28T06:24:23+00:00\",\"description\":\"Company V\\u0113jstikli details. Car glass replacement and repair since 2006. Online reservation services.\",\"breadcrumb\":{\"@id\":\"https:\/\/vejstikli.lv\/en\/bank-details\/#breadcrumb\"},\"inLanguage\":\"en-US\",\"potentialAction\":[{\"@type\":\"ReadAction\",\"target\":[\"https:\/\/vejstikli.lv\/en\/bank-details\/\"]}]},{\"@type\":\"BreadcrumbList\",\"@id\":\"https:\/\/vejstikli.lv\/en\/bank-details\/#breadcrumb\",\"itemListElement\":[{\"@type\":\"ListItem\",\"position\":1,\"item\":{\"@id\":\"https:\/\/vejstikli.lv\/en\/bank-details\/#webpage\"}}]}]}<\/script>\n<!-- \/ Yoast SEO Premium plugin. -->","_links":{"self":[{"href":"https:\/\/vejstikli.lv\/en\/wp-json\/wp\/v2\/pages\/1714"}],"collection":[{"href":"https:\/\/vejstikli.lv\/en\/wp-json\/wp\/v2\/pages"}],"about":[{"href":"https:\/\/vejstikli.lv\/en\/wp-json\/wp\/v2\/types\/page"}],"author":[{"embeddable":true,"href":"https:\/\/vejstikli.lv\/en\/wp-json\/wp\/v2\/users\/15"}],"replies":[{"embeddable":true,"href":"https:\/\/vejstikli.lv\/en\/wp-json\/wp\/v2\/comments?post=1714"}],"version-history":[{"count":8,"href":"https:\/\/vejstikli.lv\/en\/wp-json\/wp\/v2\/pages\/1714\/revisions"}],"predecessor-version":[{"id":2167,"href":"https:\/\/vejstikli.lv\/en\/wp-json\/wp\/v2\/pages\/1714\/revisions\/2167"}],"wp:attachment":[{"href":"https:\/\/vejstikli.lv\/en\/wp-json\/wp\/v2\/media?parent=1714"}],"curies":[{"name":"wp","href":"https:\/\/api.w.org\/{rel}","templated":true}]}}