{"id":1673,"date":"2021-09-29T11:12:56","date_gmt":"2021-09-29T08:12:56","guid":{"rendered":"https:\/\/vejstikli.lv\/vacancies\/auto-mechanic\/"},"modified":"2021-10-26T19:15:18","modified_gmt":"2021-10-26T16:15:18","slug":"auto-mechanic","status":"publish","type":"page","link":"https:\/\/vejstikli.lv\/en\/vacancies\/auto-mechanic\/","title":{"rendered":"AUTO MECHANIC"},"content":{"rendered":"\n<div class=\"wp-block-group\"><div class=\"wp-block-group__inner-container is-layout-flow wp-block-group-is-layout-flow\">\n<h1 class=\"wp-block-heading\" id=\"h-vakance-automeh-ni-is\">Vacancy &#8211; auto mechanic<\/h1>\n\n\n\n<h2 class=\"gray-small wp-block-heading\" id=\"h-izv-lieties-k-du-no-obr-d-pieejamaj-m-vakanc-m\">Select one of the currently available vacancies<\/h2>\n\n\n\n<div class='button-wrap'><a href='https:\/\/vejstikli.lv\/en\/vacancies\/auto-mechanic\/' class='btn active'>AUTO MECHANIC<\/a><\/div>\n\n\n\n<div class=\"wp-block-group vacancy-text\"><div class=\"wp-block-group__inner-container is-layout-flow wp-block-group-is-layout-flow\">\n<h3 class=\"vacancy-h3 wp-block-heading\" id=\"h-iepaz-sties-ar-inform-ciju-un-piesakies\"><em>READ THE INFORMATION AND SUBMIT AN APPLICATION<\/em><\/h3>\n\n\n\n<p class=\"gray-small\">Basic information<\/p>\n\n\n\n<p>&#8220;V\u0112JSTIKLI&#8221; SIA since 2006, is engaged in the repair, replacement and sale of the car glass. The company has been the official representative of Saint-Gobain Sekurit in Latvia since 2016. In cooperation with Saint-Gobain Sekurit, the company receives full technological and informational support, and employees have the opportunity to undergo training at the Sekurit Academy in Finland. By joining our friendly team, you will get a job in a stable company where 100% local share capital that pays taxes in Latvia and provides employment for residents of Latvia. The company currently operates in two branches and is focused on further development.<\/p>\n\n\n\n<p class=\"gray-small\">Responsibilities<\/p>\n\n\n\n<ul class=\"wp-block-list\"><li>High-quality repair and replacement of the car glass<\/li><li>To cordinate the work performed with the service specialist and the customer<\/li><li>Warehouse supervision and management<\/li><li>Onsite work with clients<\/li><li>To maintain work tools and workplace<\/li><\/ul>\n\n\n<p class=\"gray-small\">Required<\/p>\n\n\n\n<ul class=\"wp-block-list\"><li>Knowledge of technical construction and car repair<\/li><li>High sense of duty, responsibility and accuracy<\/li><li>Driving license category B<\/li><li>Previous work experience in the service will be considered an advantage<\/li><\/ul>\n\n\n<p class=\"gray-small\">We offer<\/p>\n\n\n\n<ul class=\"wp-block-list\"><li>Work in a stable company and social security<\/li><li>Bonus system<\/li><li>Regular training with car glass manufacturers<\/li><li>Payment according to the contribution, during the trial period from <strong>1250 eur<\/strong>\u00a0(gross) per month, and after the completion of the probationary period and training up to <strong>1600 eur<\/strong>\u00a0(gross) per month + bonuses<\/li><li>Well-groomed work environment and technical support <\/li><\/ul>\n\n\n<p class=\"gray-small\">Work location<\/p>\n\n\n\n<p class=\"pl-10\">\u0160mer\u013ca iela 3, R\u012bga<\/p>\n\n\n\n<p class=\"gray-small\">CV submission and results<\/p>\n\n\n\n<p class=\"pl-10\">&#8220;Send your resume and application letter using the &#8220;&#8221;Submit application&#8221;&#8221; button *.<br\/>&#13;\nPlease note that we will inform about the results of applicants invited for a face-to-face interview!&#8221;<\/p>\n<\/div><\/div>\n<\/div><\/div>\n","protected":false},"excerpt":{"rendered":"<p>Vacancy &#8211; auto mechanic Select one of the currently available vacancies READ THE INFORMATION AND SUBMIT AN APPLICATION Basic information &#8220;V\u0112JSTIKLI&#8221; SIA since 2006, is engaged in the repair, replacement and sale of the car glass. The company has been the official representative of Saint-Gobain Sekurit in Latvia since 2016. In cooperation with Saint-Gobain Sekurit, [&hellip;]<\/p>\n","protected":false},"author":15,"featured_media":0,"parent":1612,"menu_order":1,"comment_status":"closed","ping_status":"closed","template":"single-vakancy-page.php","meta":{"footnotes":""},"class_list":["post-1673","page","type-page","status-publish","hentry"],"yoast_head":"<!-- This site is optimized with the Yoast SEO Premium plugin v16.3 (Yoast SEO v16.3) - https:\/\/yoast.com\/wordpress\/plugins\/seo\/ -->\n<title>Company offers new vacancy service specialist - V\u0113jstikli<\/title>\n<meta name=\"description\" content=\"V\u0113jstikli are looking for a service specialist with knowledge of car glass replacement and repair. Knowledge of car glass repair and replacement are a must.\" \/>\n<meta name=\"robots\" content=\"index, follow, max-snippet:-1, max-image-preview:large, max-video-preview:-1\" \/>\n<link rel=\"canonical\" href=\"https:\/\/vejstikli.lv\/en\/vacancies\/auto-mechanic\/\" \/>\n<meta property=\"og:locale\" content=\"en_US\" \/>\n<meta property=\"og:type\" content=\"article\" \/>\n<meta property=\"og:title\" content=\"Company offers new vacancy service specialist - V\u0113jstikli\" \/>\n<meta property=\"og:description\" content=\"V\u0113jstikli are looking for a service specialist with knowledge of car glass replacement and repair. Knowledge of car glass repair and replacement are a must.\" \/>\n<meta property=\"og:url\" content=\"https:\/\/vejstikli.lv\/en\/vacancies\/auto-mechanic\/\" \/>\n<meta property=\"og:site_name\" content=\"V\u0113jstikli\" \/>\n<meta property=\"article:modified_time\" content=\"2021-10-26T16:15:18+00:00\" \/>\n<meta name=\"twitter:card\" content=\"summary_large_image\" \/>\n<meta name=\"twitter:label1\" content=\"Est. reading time\">\n\t<meta name=\"twitter:data1\" content=\"1 minute\">\n<script type=\"application\/ld+json\" class=\"yoast-schema-graph\">{\"@context\":\"https:\/\/schema.org\",\"@graph\":[{\"@type\":\"WebSite\",\"@id\":\"https:\/\/vejstikli.lv\/#website\",\"url\":\"https:\/\/vejstikli.lv\/\",\"name\":\"V\\u0113jstikli\",\"description\":\"V\\u0113jstiklu remonts\",\"potentialAction\":[{\"@type\":\"SearchAction\",\"target\":\"https:\/\/vejstikli.lv\/?s={search_term_string}\",\"query-input\":\"required name=search_term_string\"}],\"inLanguage\":\"en-US\"},{\"@type\":\"WebPage\",\"@id\":\"https:\/\/vejstikli.lv\/en\/vacancies\/auto-mechanic\/#webpage\",\"url\":\"https:\/\/vejstikli.lv\/en\/vacancies\/auto-mechanic\/\",\"name\":\"Company offers new vacancy service specialist - V\\u0113jstikli\",\"isPartOf\":{\"@id\":\"https:\/\/vejstikli.lv\/#website\"},\"datePublished\":\"2021-09-29T08:12:56+00:00\",\"dateModified\":\"2021-10-26T16:15:18+00:00\",\"description\":\"V\\u0113jstikli are looking for a service specialist with knowledge of car glass replacement and repair. Knowledge of car glass repair and replacement are a must.\",\"breadcrumb\":{\"@id\":\"https:\/\/vejstikli.lv\/en\/vacancies\/auto-mechanic\/#breadcrumb\"},\"inLanguage\":\"en-US\",\"potentialAction\":[{\"@type\":\"ReadAction\",\"target\":[\"https:\/\/vejstikli.lv\/en\/vacancies\/auto-mechanic\/\"]}]},{\"@type\":\"BreadcrumbList\",\"@id\":\"https:\/\/vejstikli.lv\/en\/vacancies\/auto-mechanic\/#breadcrumb\",\"itemListElement\":[{\"@type\":\"ListItem\",\"position\":1,\"item\":{\"@type\":\"WebPage\",\"@id\":\"https:\/\/vejstikli.lv\/en\/vacancies\/\",\"url\":\"https:\/\/vejstikli.lv\/en\/vacancies\/\",\"name\":\"Vacancies\"}},{\"@type\":\"ListItem\",\"position\":2,\"item\":{\"@id\":\"https:\/\/vejstikli.lv\/en\/vacancies\/auto-mechanic\/#webpage\"}}]}]}<\/script>\n<!-- \/ Yoast SEO Premium plugin. -->","_links":{"self":[{"href":"https:\/\/vejstikli.lv\/en\/wp-json\/wp\/v2\/pages\/1673"}],"collection":[{"href":"https:\/\/vejstikli.lv\/en\/wp-json\/wp\/v2\/pages"}],"about":[{"href":"https:\/\/vejstikli.lv\/en\/wp-json\/wp\/v2\/types\/page"}],"author":[{"embeddable":true,"href":"https:\/\/vejstikli.lv\/en\/wp-json\/wp\/v2\/users\/15"}],"replies":[{"embeddable":true,"href":"https:\/\/vejstikli.lv\/en\/wp-json\/wp\/v2\/comments?post=1673"}],"version-history":[{"count":7,"href":"https:\/\/vejstikli.lv\/en\/wp-json\/wp\/v2\/pages\/1673\/revisions"}],"predecessor-version":[{"id":2127,"href":"https:\/\/vejstikli.lv\/en\/wp-json\/wp\/v2\/pages\/1673\/revisions\/2127"}],"up":[{"embeddable":true,"href":"https:\/\/vejstikli.lv\/en\/wp-json\/wp\/v2\/pages\/1612"}],"wp:attachment":[{"href":"https:\/\/vejstikli.lv\/en\/wp-json\/wp\/v2\/media?parent=1673"}],"curies":[{"name":"wp","href":"https:\/\/api.w.org\/{rel}","templated":true}]}}