{"id":1658,"date":"2021-09-28T13:40:59","date_gmt":"2021-09-28T10:40:59","guid":{"rendered":"https:\/\/vejstikli.lv\/contacts\/imanta\/"},"modified":"2022-07-06T12:41:48","modified_gmt":"2022-07-06T09:41:48","slug":"imanta","status":"publish","type":"page","link":"https:\/\/vejstikli.lv\/en\/contacts\/imanta\/","title":{"rendered":"Imanta"},"content":{"rendered":"\n<div class=\"wp-block-group\"><div class=\"wp-block-group__inner-container is-layout-flow wp-block-group-is-layout-flow\">\n<h1 class=\"wp-block-heading\" id=\"h-kontakti\">Contacts<\/h1>\n\n\n\n<p class=\"gray-small mb-5\">Choose a service facility<\/p>\n\n\n\n<div class=\"wp-block-group space-items\"><div class=\"wp-block-group__inner-container is-layout-flow wp-block-group-is-layout-flow\">\n<div class='button-wrap'><a href='https:\/\/vejstikli.lv\/en\/contacts\/jugla\/' class='btn'>Jugla<\/a><a href='https:\/\/vejstikli.lv\/en\/contacts\/imanta\/' class='btn active'>Imanta<\/a><\/div>\n<\/div><\/div>\n<\/div><\/div>\n\n<hr class=\"wp-block-separator has-css-opacity\"\/>\n","protected":false},"excerpt":{"rendered":"<p>Contacts Choose a service facility<\/p>\n","protected":false},"author":15,"featured_media":0,"parent":1656,"menu_order":0,"comment_status":"closed","ping_status":"closed","template":"single-contact-page.php","meta":{"footnotes":""},"class_list":["post-1658","page","type-page","status-publish","hentry"],"yoast_head":"<!-- This site is optimized with the Yoast SEO Premium plugin v16.3 (Yoast SEO v16.3) - https:\/\/yoast.com\/wordpress\/plugins\/seo\/ -->\n<title>Auto stiklu serviss Imanta adrese | Re\u0123istr\u0113jies online - V\u0113jstikli<\/title>\n<meta name=\"description\" content=\"Auto stiklu uz\u0146\u0113mums ar 15 gadu pieredzi un profesion\u0101lu komandu. Atrodadamies Imant\u0101 Lazdu iela 16d. Rezerv\u0113 laiku V\u0113jstikli m\u0101jas lapas online programm\u0101.\" \/>\n<meta name=\"robots\" content=\"index, follow, max-snippet:-1, max-image-preview:large, max-video-preview:-1\" \/>\n<link rel=\"canonical\" href=\"https:\/\/vejstikli.lv\/en\/contacts\/imanta\/\" \/>\n<meta property=\"og:locale\" content=\"en_US\" \/>\n<meta property=\"og:type\" content=\"article\" \/>\n<meta property=\"og:title\" content=\"Auto stiklu serviss Imanta adrese | Re\u0123istr\u0113jies online - V\u0113jstikli\" \/>\n<meta property=\"og:description\" content=\"Auto stiklu uz\u0146\u0113mums ar 15 gadu pieredzi un profesion\u0101lu komandu. Atrodadamies Imant\u0101 Lazdu iela 16d. Rezerv\u0113 laiku V\u0113jstikli m\u0101jas lapas online programm\u0101.\" \/>\n<meta property=\"og:url\" content=\"https:\/\/vejstikli.lv\/en\/contacts\/imanta\/\" \/>\n<meta property=\"og:site_name\" content=\"V\u0113jstikli\" \/>\n<meta property=\"article:modified_time\" content=\"2022-07-06T09:41:48+00:00\" \/>\n<meta name=\"twitter:card\" content=\"summary_large_image\" \/>\n<meta name=\"twitter:label1\" content=\"Est. reading time\">\n\t<meta name=\"twitter:data1\" content=\"1 minute\">\n<script type=\"application\/ld+json\" class=\"yoast-schema-graph\">{\"@context\":\"https:\/\/schema.org\",\"@graph\":[{\"@type\":\"WebSite\",\"@id\":\"https:\/\/vejstikli.lv\/#website\",\"url\":\"https:\/\/vejstikli.lv\/\",\"name\":\"V\\u0113jstikli\",\"description\":\"V\\u0113jstiklu remonts\",\"potentialAction\":[{\"@type\":\"SearchAction\",\"target\":\"https:\/\/vejstikli.lv\/?s={search_term_string}\",\"query-input\":\"required name=search_term_string\"}],\"inLanguage\":\"en-US\"},{\"@type\":\"WebPage\",\"@id\":\"https:\/\/vejstikli.lv\/en\/contacts\/imanta\/#webpage\",\"url\":\"https:\/\/vejstikli.lv\/en\/contacts\/imanta\/\",\"name\":\"Auto stiklu serviss Imanta adrese | Re\\u0123istr\\u0113jies online - V\\u0113jstikli\",\"isPartOf\":{\"@id\":\"https:\/\/vejstikli.lv\/#website\"},\"datePublished\":\"2021-09-28T10:40:59+00:00\",\"dateModified\":\"2022-07-06T09:41:48+00:00\",\"description\":\"Auto stiklu uz\\u0146\\u0113mums ar 15 gadu pieredzi un profesion\\u0101lu komandu. Atrodadamies Imant\\u0101 Lazdu iela 16d. Rezerv\\u0113 laiku V\\u0113jstikli m\\u0101jas lapas online programm\\u0101.\",\"breadcrumb\":{\"@id\":\"https:\/\/vejstikli.lv\/en\/contacts\/imanta\/#breadcrumb\"},\"inLanguage\":\"en-US\",\"potentialAction\":[{\"@type\":\"ReadAction\",\"target\":[\"https:\/\/vejstikli.lv\/en\/contacts\/imanta\/\"]}]},{\"@type\":\"BreadcrumbList\",\"@id\":\"https:\/\/vejstikli.lv\/en\/contacts\/imanta\/#breadcrumb\",\"itemListElement\":[{\"@type\":\"ListItem\",\"position\":1,\"item\":{\"@type\":\"WebPage\",\"@id\":\"https:\/\/vejstikli.lv\/en\/contacts\/\",\"url\":\"https:\/\/vejstikli.lv\/en\/contacts\/\",\"name\":\"Contacts\"}},{\"@type\":\"ListItem\",\"position\":2,\"item\":{\"@id\":\"https:\/\/vejstikli.lv\/en\/contacts\/imanta\/#webpage\"}}]}]}<\/script>\n<!-- \/ Yoast SEO Premium plugin. -->","_links":{"self":[{"href":"https:\/\/vejstikli.lv\/en\/wp-json\/wp\/v2\/pages\/1658"}],"collection":[{"href":"https:\/\/vejstikli.lv\/en\/wp-json\/wp\/v2\/pages"}],"about":[{"href":"https:\/\/vejstikli.lv\/en\/wp-json\/wp\/v2\/types\/page"}],"author":[{"embeddable":true,"href":"https:\/\/vejstikli.lv\/en\/wp-json\/wp\/v2\/users\/15"}],"replies":[{"embeddable":true,"href":"https:\/\/vejstikli.lv\/en\/wp-json\/wp\/v2\/comments?post=1658"}],"version-history":[{"count":7,"href":"https:\/\/vejstikli.lv\/en\/wp-json\/wp\/v2\/pages\/1658\/revisions"}],"predecessor-version":[{"id":3472,"href":"https:\/\/vejstikli.lv\/en\/wp-json\/wp\/v2\/pages\/1658\/revisions\/3472"}],"up":[{"embeddable":true,"href":"https:\/\/vejstikli.lv\/en\/wp-json\/wp\/v2\/pages\/1656"}],"wp:attachment":[{"href":"https:\/\/vejstikli.lv\/en\/wp-json\/wp\/v2\/media?parent=1658"}],"curies":[{"name":"wp","href":"https:\/\/api.w.org\/{rel}","templated":true}]}}